{"id":1246,"date":"2025-12-11T10:22:39","date_gmt":"2025-12-11T07:22:39","guid":{"rendered":"https:\/\/rnkuafor.com\/?page_id=1246"},"modified":"2025-12-11T10:50:24","modified_gmt":"2025-12-11T07:50:24","slug":"kivircik-sac-uzmani","status":"publish","type":"page","link":"https:\/\/rnkuafor.com\/index.php\/kivircik-sac-uzmani\/","title":{"rendered":"K\u0131v\u0131rc\u0131k Sa\u00e7 Uzman\u0131"},"content":{"rendered":"","protected":false},"excerpt":{"rendered":"","protected":false},"author":1,"featured_media":0,"parent":0,"menu_order":0,"comment_status":"closed","ping_status":"closed","template":"","meta":{"_joinchat":[],"footnotes":""},"class_list":["post-1246","page","type-page","status-publish","hentry"],"_links":{"self":[{"href":"https:\/\/rnkuafor.com\/index.php\/wp-json\/wp\/v2\/pages\/1246","targetHints":{"allow":["GET"]}}],"collection":[{"href":"https:\/\/rnkuafor.com\/index.php\/wp-json\/wp\/v2\/pages"}],"about":[{"href":"https:\/\/rnkuafor.com\/index.php\/wp-json\/wp\/v2\/types\/page"}],"author":[{"embeddable":true,"href":"https:\/\/rnkuafor.com\/index.php\/wp-json\/wp\/v2\/users\/1"}],"replies":[{"embeddable":true,"href":"https:\/\/rnkuafor.com\/index.php\/wp-json\/wp\/v2\/comments?post=1246"}],"version-history":[{"count":1,"href":"https:\/\/rnkuafor.com\/index.php\/wp-json\/wp\/v2\/pages\/1246\/revisions"}],"predecessor-version":[{"id":1248,"href":"https:\/\/rnkuafor.com\/index.php\/wp-json\/wp\/v2\/pages\/1246\/revisions\/1248"}],"wp:attachment":[{"href":"https:\/\/rnkuafor.com\/index.php\/wp-json\/wp\/v2\/media?parent=1246"}],"curies":[{"name":"wp","href":"https:\/\/api.w.org\/{rel}","templated":true}]}}